{"id":2494,"date":"2023-08-04T18:12:35","date_gmt":"2023-08-04T10:12:35","guid":{"rendered":"https:\/\/www.kel-switch.com\/?post_type=product&#038;p=2494"},"modified":"2025-02-25T16:01:12","modified_gmt":"2025-02-25T08:01:12","slug":"tact-switch-little-tortoise-series","status":"publish","type":"product","link":"https:\/\/www.kel-switch.com\/ko\/product\/tact-switch-little-tortoise-series\/","title":{"rendered":"Tact switch little tortoise series"},"content":{"rendered":"<p><img fetchpriority=\"high\" decoding=\"async\" class=\"aligncenter size-full wp-image-2495\" src=\"http:\/\/www.kel-switch.com\/wp-content\/uploads\/2023\/08\/\u4e4c\u9f9f\u7cfb\u5217.jpg\"  width=\"800\" height=\"801\" srcset=\"https:\/\/www.kel-switch.com\/wp-content\/uploads\/2023\/08\/\u4e4c\u9f9f\u7cfb\u5217.jpg 800w, https:\/\/www.kel-switch.com\/wp-content\/uploads\/2023\/08\/\u4e4c\u9f9f\u7cfb\u5217-300x300.jpg 300w, https:\/\/www.kel-switch.com\/wp-content\/uploads\/2023\/08\/\u4e4c\u9f9f\u7cfb\u5217-150x150.jpg 150w, https:\/\/www.kel-switch.com\/wp-content\/uploads\/2023\/08\/\u4e4c\u9f9f\u7cfb\u5217-768x769.jpg 768w, https:\/\/www.kel-switch.com\/wp-content\/uploads\/2023\/08\/\u4e4c\u9f9f\u7cfb\u5217-600x601.jpg 600w, https:\/\/www.kel-switch.com\/wp-content\/uploads\/2023\/08\/\u4e4c\u9f9f\u7cfb\u5217-100x100.jpg 100w\" sizes=\"(max-width: 800px) 100vw, 800px\" title=\"Tact switch little tortoise series\u63d2\u56fe\" alt=\"Tact switch little tortoise series\u63d2\u56fe\" \/><img decoding=\"async\" class=\"aligncenter size-full wp-image-2496\" src=\"http:\/\/www.kel-switch.com\/wp-content\/uploads\/2023\/08\/\u4e4c\u9f9f\u7cfb\u52172.jpg\"  width=\"800\" height=\"801\" srcset=\"https:\/\/www.kel-switch.com\/wp-content\/uploads\/2023\/08\/\u4e4c\u9f9f\u7cfb\u52172.jpg 800w, https:\/\/www.kel-switch.com\/wp-content\/uploads\/2023\/08\/\u4e4c\u9f9f\u7cfb\u52172-300x300.jpg 300w, https:\/\/www.kel-switch.com\/wp-content\/uploads\/2023\/08\/\u4e4c\u9f9f\u7cfb\u52172-150x150.jpg 150w, https:\/\/www.kel-switch.com\/wp-content\/uploads\/2023\/08\/\u4e4c\u9f9f\u7cfb\u52172-768x769.jpg 768w, https:\/\/www.kel-switch.com\/wp-content\/uploads\/2023\/08\/\u4e4c\u9f9f\u7cfb\u52172-600x601.jpg 600w, https:\/\/www.kel-switch.com\/wp-content\/uploads\/2023\/08\/\u4e4c\u9f9f\u7cfb\u52172-100x100.jpg 100w\" sizes=\"(max-width: 800px) 100vw, 800px\" title=\"Tact switch little tortoise series\u63d2\u56fe1\" alt=\"Tact switch little tortoise series\u63d2\u56fe1\" \/><\/p>\n<h2>Chinakel Normal Tact Switch\u00a0Feature<\/h2>\n<table>\n<tbody>\n<tr>\n<td width=\"266\">Rated Load<\/td>\n<td width=\"266\">50mA DC12V<\/td>\n<\/tr>\n<tr>\n<td width=\"266\">Temperature<\/td>\n<td width=\"266\">-40~85\u2103<\/td>\n<\/tr>\n<tr>\n<td width=\"266\">Operating Force<\/td>\n<td width=\"266\">120\u00b130gf \/ 200\u00b130gf&#8230;<\/td>\n<\/tr>\n<tr>\n<td width=\"266\">Circuit<\/td>\n<td width=\"266\">SPST NO<\/td>\n<\/tr>\n<tr>\n<td width=\"266\">Contact Resistance<\/td>\n<td width=\"266\">\u226450m\u03a9<\/td>\n<\/tr>\n<tr>\n<td width=\"266\">Insulation Resistance<\/td>\n<td width=\"266\">\u2265100M\u03a9\uff08DC500V\uff09<\/td>\n<\/tr>\n<tr>\n<td width=\"266\">Withstand Voltage<\/td>\n<td width=\"266\">\u2265250VAC<\/td>\n<\/tr>\n<tr>\n<td width=\"266\">Electrical Life<\/td>\n<td width=\"266\">\u2265100,000\u00a0cycles<\/td>\n<\/tr>\n<tr>\n<td width=\"266\">Certification<\/td>\n<td width=\"266\">RoHS<\/td>\n<\/tr>\n<\/tbody>\n<\/table>","protected":false},"excerpt":{"rendered":"<p>The Kangerle Turtle Series tactile switches feature a unique turtle-shaped design, available in small (2.5\u00d73mm), medium (4.5\u00d75.5mm), and large (4\u00d76mm) sizes. These side-press switches are perfect for applications requiring compact and durable switches. With a variety of configurations including 2-pin, 4-pin, through-hole, and SMD options, the Turtle Series offers flexible solutions for different electronic devices. The switches provide reliable tactile feedback, ensuring a responsive and satisfying user experience. Ideal for space-constrained designs, the Turtle Series is a versatile and efficient choice for various consumer electronics.<\/p>\n<p><strong>Product Series:<\/strong> little tortoise series<br \/>\n<strong>Switch Applications:<\/strong> Home appliances, communication devices, audiovisual products, remote controls, security products, toys, fitness equipment, medical instruments, electronic devices, and other fields.<\/p>","protected":false},"featured_media":2497,"comment_status":"open","ping_status":"closed","template":"","meta":{"_acf_changed":false},"product_brand":[],"product_cat":[112,26],"product_tag":[],"class_list":{"0":"post-2494","1":"product","2":"type-product","3":"status-publish","4":"has-post-thumbnail","6":"product_cat-standard-tact-switch","7":"product_cat-tact-switch","9":"first","10":"instock","11":"shipping-taxable","12":"product-type-simple"},"acf":[],"_links":{"self":[{"href":"https:\/\/www.kel-switch.com\/ko\/wp-json\/wp\/v2\/product\/2494","targetHints":{"allow":["GET"]}}],"collection":[{"href":"https:\/\/www.kel-switch.com\/ko\/wp-json\/wp\/v2\/product"}],"about":[{"href":"https:\/\/www.kel-switch.com\/ko\/wp-json\/wp\/v2\/types\/product"}],"replies":[{"embeddable":true,"href":"https:\/\/www.kel-switch.com\/ko\/wp-json\/wp\/v2\/comments?post=2494"}],"wp:featuredmedia":[{"embeddable":true,"href":"https:\/\/www.kel-switch.com\/ko\/wp-json\/wp\/v2\/media\/2497"}],"wp:attachment":[{"href":"https:\/\/www.kel-switch.com\/ko\/wp-json\/wp\/v2\/media?parent=2494"}],"wp:term":[{"taxonomy":"product_brand","embeddable":true,"href":"https:\/\/www.kel-switch.com\/ko\/wp-json\/wp\/v2\/product_brand?post=2494"},{"taxonomy":"product_cat","embeddable":true,"href":"https:\/\/www.kel-switch.com\/ko\/wp-json\/wp\/v2\/product_cat?post=2494"},{"taxonomy":"product_tag","embeddable":true,"href":"https:\/\/www.kel-switch.com\/ko\/wp-json\/wp\/v2\/product_tag?post=2494"}],"curies":[{"name":"wp","href":"https:\/\/api.w.org\/{rel}","templated":true}]}}